{"id":8,"date":"2025-06-08T18:31:31","date_gmt":"2025-06-08T16:31:31","guid":{"rendered":"https:\/\/socielle.pl\/?page_id=8"},"modified":"2026-03-04T19:55:07","modified_gmt":"2026-03-04T18:55:07","slug":"strona-domowa","status":"publish","type":"page","link":"https:\/\/socielle.pl\/","title":{"rendered":"Strona domowa"},"content":{"rendered":"\n<div data-aos= \"fade\" data-aos-duration=\"400\" data-aos-delay=\"0\" data-aos-easing=\"ease\" data-aos-once=\"true\" class=\"wp-block-uagb-container uagb-block-bca0a9a8 alignfull uagb-is-root-container\">\n<div class=\"wp-block-cover aligncenter\" style=\"padding-top:0;padding-bottom:0;min-height:100vh;aspect-ratio:unset;\"><img loading=\"lazy\" decoding=\"async\" width=\"683\" height=\"1024\" class=\"wp-block-cover__image-background wp-image-142 size-large\" alt=\"\" src=\"https:\/\/socielle.pl\/wp-content\/uploads\/2026\/01\/kaboompics_designers-studio-creative-workspace-and-material-textures-40640-683x1024.jpg\" data-object-fit=\"cover\" srcset=\"https:\/\/socielle.pl\/wp-content\/uploads\/2026\/01\/kaboompics_designers-studio-creative-workspace-and-material-textures-40640-683x1024.jpg 683w, https:\/\/socielle.pl\/wp-content\/uploads\/2026\/01\/kaboompics_designers-studio-creative-workspace-and-material-textures-40640-200x300.jpg 200w, https:\/\/socielle.pl\/wp-content\/uploads\/2026\/01\/kaboompics_designers-studio-creative-workspace-and-material-textures-40640-768x1152.jpg 768w, https:\/\/socielle.pl\/wp-content\/uploads\/2026\/01\/kaboompics_designers-studio-creative-workspace-and-material-textures-40640-1024x1536.jpg 1024w, https:\/\/socielle.pl\/wp-content\/uploads\/2026\/01\/kaboompics_designers-studio-creative-workspace-and-material-textures-40640-1365x2048.jpg 1365w, https:\/\/socielle.pl\/wp-content\/uploads\/2026\/01\/kaboompics_designers-studio-creative-workspace-and-material-textures-40640-scaled.jpg 1707w\" sizes=\"auto, (max-width: 683px) 100vw, 683px\" \/><span aria-hidden=\"true\" class=\"wp-block-cover__background has-black-background-color has-background-dim-20 has-background-dim\"><\/span><div class=\"wp-block-cover__inner-container is-layout-flow wp-block-cover-is-layout-flow\">\n<div class=\"wp-block-group is-layout-constrained wp-container-core-group-is-layout-d0784869 wp-block-group-is-layout-constrained\" style=\"margin-top:0;margin-bottom:0;padding-top:150px;padding-bottom:0px\">\n<div class=\"wp-block-columns is-layout-flex wp-container-core-columns-is-layout-28f84493 wp-block-columns-is-layout-flex\">\n<div class=\"wp-block-column is-layout-flow wp-block-column-is-layout-flow\">\n<h1 class=\"wp-block-heading has-text-align-left has-white-color has-text-color\">Hej! Twoja marka zas\u0142uguje na widoczno\u015b\u0107<\/h1>\n\n\n\n<p class=\"has-text-align-left has-white-color has-text-color\">Pomagam firmom wyj\u015b\u0107 z rynkowego cienia. Wspieram marki w budowaniu wizerunku w mediach spo\u0142eczno\u015bciowych, kt\u00f3ry opiera si\u0119 na stabilnych fundamentach, a nie na chwilowych trendach.<br><\/p>\n\n\n\n<div class=\"wp-block-buttons is-layout-flex wp-block-buttons-is-layout-flex\">\n<div class=\"wp-block-button\"><a class=\"wp-block-button__link wp-element-button\" href=\"https:\/\/calendly.com\/kamila-socielle\/30min\" target=\"_blank\" rel=\"noreferrer noopener\">Um\u00f3w rozmow\u0119<\/a><\/div>\n<\/div>\n<\/div>\n\n\n\n<div class=\"wp-block-column is-layout-flow wp-block-column-is-layout-flow\"><\/div>\n<\/div>\n<\/div>\n<\/div><\/div>\n<\/div>\n\n\n\n<div data-aos= \"fade\" data-aos-duration=\"400\" data-aos-delay=\"0\" data-aos-easing=\"ease\" data-aos-once=\"true\" class=\"wp-block-uagb-container uagb-block-bc2e4029 alignfull uagb-is-root-container\"><div class=\"uagb-container-inner-blocks-wrap\">\n<div class=\"wp-block-media-text alignwide has-media-on-the-right is-stacked-on-mobile is-vertically-aligned-top is-image-fill-element\" style=\"grid-template-columns:auto 44%\"><div class=\"wp-block-media-text__content\">\n<div class=\"inherit-container-width wp-block-group is-content-justification-center is-layout-constrained wp-container-core-group-is-layout-12c002a2 wp-block-group-is-layout-constrained\" style=\"padding-top:0;padding-right:0px\">\n<h2 class=\"wp-block-heading\" style=\"padding-right:0px\"><br>Kilka s\u0142\u00f3w o mnie<\/h2>\n\n\n\n<p>Cze\u015b\u0107! Nazywam si\u0119 <strong>Kamila Hryszko<\/strong>. Nie jestem agencj\u0105, w kt\u00f3rej Tw\u00f3j projekt ginie mi\u0119dzy setk\u0105 innych. Jestem <strong>niezale\u017cnym strategiem i managerem projekt\u00f3w kreatywnych<\/strong>.<\/p>\n\n\n\n<p>Co to oznacza dla Ciebie? Podczas wsp\u00f3\u0142pracy to ja odpowiadam za strategi\u0119 i wizerunek Twojej marki. Jednak, aby zapewni\u0107 najwy\u017csz\u0105 jako\u015b\u0107 materia\u0142\u00f3w, nie robi\u0119 wszystkiego sama. <strong>Wsp\u00f3\u0142pracuj\u0119<\/strong> z utalentowanymi <strong>videomakerami, fotografami, grafikami i ekspertami od brandingu<\/strong>.<\/p>\n\n\n\n<p>Dzi\u0119ki temu otrzymujesz <strong>jako\u015b\u0107 du\u017cej agencji<\/strong> przy elastyczno\u015bci i osobistym zaanga\u017cowaniu <strong>jednego partnera<\/strong>.<\/p>\n\n\n\n<p>Pracuj\u0119 w \u015bwiecie social medi\u00f3w, ale <strong>nie jestem ich bezkrytyczn\u0105 fank\u0105<\/strong>. Widz\u0119, jak bardzo wszyscy jeste\u015bmy nimi zm\u0119czeni. Jak \u0142atwo straci\u0107 zaufanie i jak trudno je odzyska\u0107. Je\u015bli szukasz kogo\u015b, kto poprowadzi Ci konto, wrzuci kilka post\u00f3w, i zrobi \u201e\u0142adny content\u201d to nie jestem ja.&nbsp;<\/p>\n\n\n\n<p>Je\u015bli natomiast czujesz, \u017ce <strong>Twoja marka utkn\u0119\u0142a w cieniu<\/strong>, sta\u0142a si\u0119 <strong>zbyt podobna do innych<\/strong> albo po prostu z<strong>gubi\u0142a sw\u00f3j w\u0142asny g\u0142os<\/strong> my\u015bl\u0119, \u017ce b\u0119dziemy potrafili si\u0119 dogada\u0107.&nbsp;<\/p>\n<\/div>\n<\/div><figure class=\"wp-block-media-text__media\"><img loading=\"lazy\" decoding=\"async\" width=\"683\" height=\"1024\" src=\"https:\/\/socielle.pl\/wp-content\/uploads\/2026\/01\/DSC_9473-bw-683x1024.jpg\" alt=\"\" class=\"wp-image-109 size-full\" style=\"object-position:50% 50%\" srcset=\"https:\/\/socielle.pl\/wp-content\/uploads\/2026\/01\/DSC_9473-bw-683x1024.jpg 683w, https:\/\/socielle.pl\/wp-content\/uploads\/2026\/01\/DSC_9473-bw-200x300.jpg 200w, https:\/\/socielle.pl\/wp-content\/uploads\/2026\/01\/DSC_9473-bw-768x1152.jpg 768w, https:\/\/socielle.pl\/wp-content\/uploads\/2026\/01\/DSC_9473-bw-1024x1536.jpg 1024w, https:\/\/socielle.pl\/wp-content\/uploads\/2026\/01\/DSC_9473-bw-1365x2048.jpg 1365w, https:\/\/socielle.pl\/wp-content\/uploads\/2026\/01\/DSC_9473-bw-scaled.jpg 1707w\" sizes=\"auto, (max-width: 683px) 100vw, 683px\" \/><\/figure><\/div>\n<\/div><\/div>\n\n\n\n<div data-aos= \"fade\" data-aos-duration=\"400\" data-aos-delay=\"0\" data-aos-easing=\"ease\" data-aos-once=\"true\" class=\"wp-block-uagb-container uagb-block-4d82f905 alignfull uagb-is-root-container\"><div class=\"uagb-container-inner-blocks-wrap\">\n<div class=\"wp-block-group alignfull is-layout-constrained wp-container-core-group-is-layout-614afeca wp-block-group-is-layout-constrained\" id=\"services\" style=\"padding-top:100px;padding-bottom:100px\">\n<h2 class=\"wp-block-heading has-text-align-center\">Moje us\u0142ugi<\/h2>\n\n\n\n<div class=\"wp-block-columns is-layout-flex wp-container-core-columns-is-layout-28f84493 wp-block-columns-is-layout-flex\">\n<div class=\"wp-block-column is-layout-flow wp-container-core-column-is-layout-6b73ce23 wp-block-column-is-layout-flow\">      \n\t\t\t<div class=\"uagb-icon-wrapper uagb-block-5a169773      \"\n\t\t\tstyle=\"\" >\n\t\t\t\t\t\t\t\t\t<span class=\"uagb-svg-wrapper\" \n\t\t\t\t\t aria-label=\"bullhorn\"\t\t\t\t\ttabindex=\"0\">\t\t\n\t\t\t\t\t\t\t\t\t\t<svg xmlns=\"https:\/\/www.w3.org\/2000\/svg\" viewBox= \"0 0 512 512\" role=\"graphics-symbol\" aria-hidden=\"false\" aria-label=\"\"><path d=\"M480 179.6C498.6 188.4 512 212.1 512 240C512 267.9 498.6 291.6 480 300.4V448C480 460.9 472.2 472.6 460.2 477.6C448.3 482.5 434.5 479.8 425.4 470.6L381.7 426.1C333.7 378.1 268.6 352 200.7 352H192V480C192 497.7 177.7 512 160 512H96C78.33 512 64 497.7 64 480V352C28.65 352 0 323.3 0 288V192C0 156.7 28.65 128 64 128H200.7C268.6 128 333.7 101 381.7 53.02L425.4 9.373C434.5 .2215 448.3-2.516 460.2 2.437C472.2 7.39 480 19.06 480 32V179.6zM200.7 192H192V288H200.7C280.5 288 357.2 317.8 416 371.3V108.7C357.2 162.2 280.5 192 200.7 192V192z\"><\/path><\/svg>\n\t\t\t\t\t\t\t\t\t<\/span>\n\t\t\t\t\t\t\t<\/div>\n\t\t\t\n\n\n<h3 class=\"wp-block-heading has-text-align-center\" style=\"margin-top:16px\">Strategia komunikacji<\/h3>\n\n\n\n<p class=\"has-text-align-left\" style=\"font-size:18px\">To oferta dla marek, kt\u00f3re chc\u0105 uporz\u0105dkowa\u0107 swoj\u0105 komunikacj\u0119 w mediach spo\u0142eczno\u015bciowych. Tworzymy solidne fundamenty i okre\u015blamy kierunek, kt\u00f3ry staje si\u0119 punktem odniesienia na kolejne miesi\u0105ce, a cz\u0119sto lata.<\/p>\n\n\n\n<p class=\"has-text-align-left\"><strong>To dobry wyb\u00f3r, dla firm, kt\u00f3re:<\/strong><\/p>\n\n\n\n<ul class=\"wp-block-list\">\n<li>Nie wiedz\u0105, jakie tre\u015bci tworzy\u0107 i dla kogo.<\/li>\n<\/ul>\n\n\n\n<ul class=\"wp-block-list\">\n<li>Odtwarzaj\u0105 trendy, mimo \u017ce czuj\u0105, \u017ce to nie jest ich j\u0119zyk komunikacji.<\/li>\n<\/ul>\n\n\n\n<ul class=\"wp-block-list\">\n<li>Kopiuj\u0105 konkurencj\u0119, zamiast m\u00f3wi\u0107 w\u0142asnym g\u0142osem.<\/li>\n<\/ul>\n\n\n\n<ul class=\"wp-block-list\">\n<li>Czuj\u0105 chaos i maj\u0105 poczucie \u017ce media spo\u0142eczno\u015bciowe nie przynosz\u0105 \u017cadnych korzy\u015bci.<\/li>\n<\/ul>\n\n\n\n<ul class=\"wp-block-list\">\n<li>Ale jednocze\u015bnie maj\u0105 czas, \u015brodki lub zesp\u00f3\u0142, kt\u00f3ry <strong>mo\u017ce wdra\u017ca\u0107 komunikacj\u0119<\/strong>, je\u015bli tylko kto\u015b pomo\u017ce im wyznaczy\u0107 w\u0142a\u015bciwy kierunek.<br><\/li>\n<\/ul>\n<\/div>\n\n\n\n<div class=\"wp-block-column is-layout-flow wp-container-core-column-is-layout-6b73ce23 wp-block-column-is-layout-flow\">      \n\t\t\t<div class=\"uagb-icon-wrapper uagb-block-820217c1      \"\n\t\t\tstyle=\"\" >\n\t\t\t\t\t\t\t\t\t<span class=\"uagb-svg-wrapper\" \n\t\t\t\t\t aria-label=\"people-arrows-left-right\"\t\t\t\t\ttabindex=\"0\">\t\t\n\t\t\t\t\t\t\t\t\t\t<svg xmlns=\"https:\/\/www.w3.org\/2000\/svg\" viewBox= \"0 0 576 512\" role=\"graphics-symbol\" aria-hidden=\"false\" aria-label=\"\"><path d=\"M96 304.1c0-12.16 4.971-23.83 13.64-32.01l72.13-68.08c1.65-1.555 3.773-2.311 5.611-3.578C177.1 176.8 155 160 128 160H64C28.65 160 0 188.7 0 224v96c0 17.67 14.33 32 31.1 32L32 480c0 17.67 14.33 32 32 32h64c17.67 0 32-14.33 32-32v-96.39l-50.36-47.53C100.1 327.9 96 316.2 96 304.1zM480 128c35.38 0 64-28.62 64-64s-28.62-64-64-64s-64 28.62-64 64S444.6 128 480 128zM96 128c35.38 0 64-28.62 64-64S131.4 0 96 0S32 28.62 32 64S60.63 128 96 128zM444.4 295.3L372.3 227.3c-3.49-3.293-8.607-4.193-13.01-2.299C354.9 226.9 352 231.2 352 236V272H224V236c0-4.795-2.857-9.133-7.262-11.03C212.3 223.1 207.2 223.1 203.7 227.3L131.6 295.3c-4.805 4.535-4.805 12.94 0 17.47l72.12 68.07c3.49 3.291 8.607 4.191 13.01 2.297C221.1 381.3 224 376.9 224 372.1V336h128v36.14c0 4.795 2.857 9.135 7.262 11.04c4.406 1.893 9.523 .9922 13.01-2.299l72.12-68.07C449.2 308.3 449.2 299.9 444.4 295.3zM512 160h-64c-26.1 0-49.98 16.77-59.38 40.42c1.842 1.271 3.969 2.027 5.623 3.588l72.12 68.06C475 280.2 480 291.9 480 304.1c.002 12.16-4.969 23.83-13.64 32.01L416 383.6V480c0 17.67 14.33 32 32 32h64c17.67 0 32-14.33 32-32v-128c17.67 0 32-14.33 32-32V224C576 188.7 547.3 160 512 160z\"><\/path><\/svg>\n\t\t\t\t\t\t\t\t\t<\/span>\n\t\t\t\t\t\t\t<\/div>\n\t\t\t\n\n\n<h3 class=\"wp-block-heading has-text-align-center\" style=\"margin-top:16px\">Prowadzenie komunikacji marki<\/h3>\n\n\n\n<p class=\"has-text-align-left\">Strategiczne partnerstwo dla marek, kt\u00f3re chc\u0105 oddelegowa\u0107 prowadzenie medi\u00f3w spo\u0142eczno\u015bciowych na zewn\u0105trz swojej firmy.<\/p>\n\n\n\n<p><strong>To dobry wyb\u00f3r dla firm, kt\u00f3re:<\/strong><\/p>\n\n\n\n<ul class=\"wp-block-list\">\n<li>Maj\u0105 do\u015b\u0107 bylejako\u015bci w internecie i chc\u0105, by media spo\u0142eczno\u015bciowe realnie odzwierciedla\u0142y jako\u015b\u0107 ich us\u0142ug.<\/li>\n\n\n\n<li>Ceni\u0105 estetyk\u0119, emocje i sp\u00f3jno\u015b\u0107, a nie przypadkowe publikacje.<\/li>\n\n\n\n<li>Rozumiej\u0105, \u017ce komunikacja to proces, a nie jednorazowa kampania sprzeda\u017cowa.<\/li>\n\n\n\n<li>Nie szukaj\u0105 szybkich trik\u00f3w, ani kr\u00f3tkoterminowych efekt\u00f3w.<\/li>\n\n\n\n<li>Chc\u0105 oddelegowa\u0107 odpowiedzialno\u015b\u0107 za komunikacj\u0119 na zewn\u0105trz firmy.<\/li>\n\n\n\n<li>Nie chc\u0105 podejmowa\u0107 ka\u017cdej decyzji contentowej samodzielnie.<\/li>\n\n\n\n<li>Chc\u0105 pracowa\u0107 z kim\u015b godnym zaufania, kto czuje odpowiedzialno\u015b\u0107 za wizerunek ich marki w internecie.<br><\/li>\n<\/ul>\n<\/div>\n<\/div>\n<\/div>\n<\/div><\/div>\n\n\n\n<div data-aos= \"fade\" data-aos-duration=\"400\" data-aos-delay=\"0\" data-aos-easing=\"ease\" data-aos-once=\"true\" class=\"wp-block-uagb-container uagb-block-b8e46548 alignfull uagb-is-root-container\">\n<div class=\"wp-block-cover aligncenter\" style=\"padding-top:0;padding-bottom:0;min-height:100vh;aspect-ratio:unset;\"><img loading=\"lazy\" decoding=\"async\" width=\"683\" height=\"1024\" class=\"wp-block-cover__image-background wp-image-148 size-large\" alt=\"\" src=\"https:\/\/socielle.pl\/wp-content\/uploads\/2026\/01\/kaboompics_woman-in-a-white-sweater-jewelry-laptop-work-fashion-29461-683x1024.jpg\" data-object-fit=\"cover\" srcset=\"https:\/\/socielle.pl\/wp-content\/uploads\/2026\/01\/kaboompics_woman-in-a-white-sweater-jewelry-laptop-work-fashion-29461-683x1024.jpg 683w, https:\/\/socielle.pl\/wp-content\/uploads\/2026\/01\/kaboompics_woman-in-a-white-sweater-jewelry-laptop-work-fashion-29461-200x300.jpg 200w, https:\/\/socielle.pl\/wp-content\/uploads\/2026\/01\/kaboompics_woman-in-a-white-sweater-jewelry-laptop-work-fashion-29461-768x1152.jpg 768w, https:\/\/socielle.pl\/wp-content\/uploads\/2026\/01\/kaboompics_woman-in-a-white-sweater-jewelry-laptop-work-fashion-29461-1024x1536.jpg 1024w, https:\/\/socielle.pl\/wp-content\/uploads\/2026\/01\/kaboompics_woman-in-a-white-sweater-jewelry-laptop-work-fashion-29461-1365x2048.jpg 1365w, https:\/\/socielle.pl\/wp-content\/uploads\/2026\/01\/kaboompics_woman-in-a-white-sweater-jewelry-laptop-work-fashion-29461-scaled.jpg 1707w\" sizes=\"auto, (max-width: 683px) 100vw, 683px\" \/><span aria-hidden=\"true\" class=\"wp-block-cover__background has-black-background-color has-background-dim-20 has-background-dim\"><\/span><div class=\"wp-block-cover__inner-container is-layout-flow wp-block-cover-is-layout-flow\">\n<div class=\"wp-block-group is-layout-constrained wp-container-core-group-is-layout-19e250f3 wp-block-group-is-layout-constrained\"><\/div>\n\n\n\n<h2 class=\"wp-block-heading alignfull has-text-align-center has-text-color\" style=\"color:#ffffff\">Porozmawiajmy<\/h2>\n\n\n\n<p class=\"has-text-align-center has-text-color\" style=\"color:#ffffff\">Potencjaln\u0105 wsp\u00f3\u0142prac\u0119 zawsze zaczynam od rozmowy. To moment, w kt\u00f3rym sprawdzamy, czy moje podej\u015bcie wpisuje si\u0119 w Twoje potrzeby.<\/p>\n\n\n\n<div class=\"wp-block-buttons alignwide is-horizontal is-content-justification-center is-layout-flex wp-container-core-buttons-is-layout-bba8380a wp-block-buttons-is-layout-flex\" style=\"margin-top:50px\">\n<div class=\"wp-block-button\"><a class=\"wp-block-button__link wp-element-button\">Um\u00f3w bezp\u0142atn\u0105 konsultacj\u0119<\/a><\/div>\n<\/div>\n<\/div><\/div>\n<\/div>\n\n\n\n<div data-aos= \"fade\" data-aos-duration=\"400\" data-aos-delay=\"0\" data-aos-easing=\"ease\" data-aos-once=\"true\" class=\"wp-block-uagb-container uagb-block-712373e5 alignfull uagb-is-root-container\"><div class=\"uagb-container-inner-blocks-wrap\">\n<p><\/p>\n\n\n\n<h3 class=\"wp-block-heading alignfull has-text-align-center has-ast-global-color-8-color has-text-color\">Je\u015bli wolisz pisa\u0107, czekam na Twoj\u0105 wiadomo\u015b\u0107.<\/h3>\n\n\n\n<div class=\"wp-block-uagb-forms uagb-forms__outer-wrap uagb-block-99c5db9f uagb-forms__medium-btn\"><form class=\"uagb-forms-main-form\" method=\"post\" autocomplete=\"on\" name=\"uagb-form-99c5db9f\">\n<div class=\"wp-block-uagb-forms-name uagb-forms-name-wrap uagb-forms-field-set uagb-block-e1a967d7\"><div class=\"uagb-forms-name-label required uagb-forms-input-label\" id=\"e1a967d7\">Imi\u0119<\/div><input type=\"text\" placeholder=\"Imi\u0119\" required class=\"uagb-forms-name-input uagb-forms-input\" name=\"e1a967d7\" autocomplete=\"given-name\"\/><\/div>\n\n\n\n<div class=\"wp-block-uagb-forms-email uagb-forms-email-wrap uagb-forms-field-set uagb-block-f0290f8d\"><div class=\"uagb-forms-email-label  uagb-forms-input-label\" id=\"f0290f8d\">E-mail<\/div><input type=\"email\" class=\"uagb-forms-email-input uagb-forms-input\" placeholder=\"example@mail.com\" name=\"f0290f8d\" autocomplete=\"email\"\/><\/div>\n\n\n\n<div class=\"wp-block-uagb-forms-textarea uagb-forms-textarea-wrap uagb-forms-field-set uagb-block-a4420ac9\"><div class=\"uagb-forms-textarea-label required uagb-forms-input-label\" id=\"a4420ac9\">Wiadomo\u015b\u0107<\/div><textarea required class=\"uagb-forms-textarea-input uagb-forms-input\" rows=\"4\" placeholder=\"Wpisz wiadomo\u015b\u0107\" name=\"a4420ac9\" autocomplete=\"off\"><\/textarea><\/div>\n<div class=\"uagb-forms-form-hidden-data\"><input type=\"hidden\" class=\"uagb_forms_form_label\" value=\"Spectra Form\"\/><input type=\"hidden\" class=\"uagb_forms_form_id\" value=\"uagb-form-99c5db9f\"\/><\/div><div class=\"uagb-form-reacaptcha-error-99c5db9f\"><\/div><div class=\"uagb-forms-main-submit-button-wrap wp-block-button\"><button class=\"uagb-forms-main-submit-button wp-block-button__link\"><div class=\"uagb-forms-main-submit-button-text\">Submit<\/div><\/button><\/div><\/form><div class=\"uagb-forms-success-message-99c5db9f uagb-forms-submit-message-hide\"><span>The form has been submitted successfully!<\/span><\/div><div class=\"uagb-forms-failed-message-99c5db9f uagb-forms-submit-message-hide\"><span>There has been some error while submitting the form. Please verify all form fields again.<\/span><\/div><\/div>\n<\/div><\/div>\n","protected":false},"excerpt":{"rendered":"<p>Kilka s\u0142\u00f3w o mnie Cze\u015b\u0107! Nazywam si\u0119 Kamila Hryszko. Nie jestem agencj\u0105, w kt\u00f3rej Tw\u00f3j projekt ginie mi\u0119dzy setk\u0105 innych. [&hellip;]<\/p>\n","protected":false},"author":1,"featured_media":0,"parent":0,"menu_order":0,"comment_status":"closed","ping_status":"closed","template":"","meta":{"_uag_custom_page_level_css":"","site-sidebar-layout":"no-sidebar","site-content-layout":"plain-container","ast-site-content-layout":"","site-content-style":"default","site-sidebar-style":"default","ast-global-header-display":"","ast-banner-title-visibility":"","ast-main-header-display":"","ast-hfb-above-header-display":"","ast-hfb-below-header-display":"","ast-hfb-mobile-header-display":"","site-post-title":"disabled","ast-breadcrumbs-content":"","ast-featured-img":"","footer-sml-layout":"","theme-transparent-header-meta":"enabled","adv-header-id-meta":"","stick-header-meta":"","header-above-stick-meta":"","header-main-stick-meta":"","header-below-stick-meta":"","astra-migrate-meta-layouts":"default","ast-page-background-enabled":"default","ast-page-background-meta":{"desktop":{"background-color":"var(--ast-global-color-5)","background-image":"","background-repeat":"repeat","background-position":"center center","background-size":"auto","background-attachment":"scroll","background-type":"","background-media":"","overlay-type":"","overlay-color":"","overlay-opacity":"","overlay-gradient":""},"tablet":{"background-color":"","background-image":"","background-repeat":"repeat","background-position":"center center","background-size":"auto","background-attachment":"scroll","background-type":"","background-media":"","overlay-type":"","overlay-color":"","overlay-opacity":"","overlay-gradient":""},"mobile":{"background-color":"","background-image":"","background-repeat":"repeat","background-position":"center center","background-size":"auto","background-attachment":"scroll","background-type":"","background-media":"","overlay-type":"","overlay-color":"","overlay-opacity":"","overlay-gradient":""}},"ast-content-background-meta":{"desktop":{"background-color":"var(--ast-global-color-4)","background-image":"","background-repeat":"repeat","background-position":"center center","background-size":"auto","background-attachment":"scroll","background-type":"","background-media":"","overlay-type":"","overlay-color":"","overlay-opacity":"","overlay-gradient":""},"tablet":{"background-color":"var(--ast-global-color-4)","background-image":"","background-repeat":"repeat","background-position":"center center","background-size":"auto","background-attachment":"scroll","background-type":"","background-media":"","overlay-type":"","overlay-color":"","overlay-opacity":"","overlay-gradient":""},"mobile":{"background-color":"var(--ast-global-color-4)","background-image":"","background-repeat":"repeat","background-position":"center center","background-size":"auto","background-attachment":"scroll","background-type":"","background-media":"","overlay-type":"","overlay-color":"","overlay-opacity":"","overlay-gradient":""}},"footnotes":""},"class_list":["post-8","page","type-page","status-publish","hentry"],"uagb_featured_image_src":{"full":false,"thumbnail":false,"medium":false,"medium_large":false,"large":false,"1536x1536":false,"2048x2048":false},"uagb_author_info":{"display_name":"admin-kZ93Y9of","author_link":"https:\/\/socielle.pl\/?author=1"},"uagb_comment_info":0,"uagb_excerpt":"Kilka s\u0142\u00f3w o mnie Cze\u015b\u0107! Nazywam si\u0119 Kamila Hryszko. Nie jestem agencj\u0105, w kt\u00f3rej Tw\u00f3j projekt ginie mi\u0119dzy setk\u0105 innych. [&hellip;]","_links":{"self":[{"href":"https:\/\/socielle.pl\/index.php?rest_route=\/wp\/v2\/pages\/8","targetHints":{"allow":["GET"]}}],"collection":[{"href":"https:\/\/socielle.pl\/index.php?rest_route=\/wp\/v2\/pages"}],"about":[{"href":"https:\/\/socielle.pl\/index.php?rest_route=\/wp\/v2\/types\/page"}],"author":[{"embeddable":true,"href":"https:\/\/socielle.pl\/index.php?rest_route=\/wp\/v2\/users\/1"}],"replies":[{"embeddable":true,"href":"https:\/\/socielle.pl\/index.php?rest_route=%2Fwp%2Fv2%2Fcomments&post=8"}],"version-history":[{"count":174,"href":"https:\/\/socielle.pl\/index.php?rest_route=\/wp\/v2\/pages\/8\/revisions"}],"predecessor-version":[{"id":265,"href":"https:\/\/socielle.pl\/index.php?rest_route=\/wp\/v2\/pages\/8\/revisions\/265"}],"wp:attachment":[{"href":"https:\/\/socielle.pl\/index.php?rest_route=%2Fwp%2Fv2%2Fmedia&parent=8"}],"curies":[{"name":"wp","href":"https:\/\/api.w.org\/{rel}","templated":true}]}}